{"id":3687,"date":"2022-10-20T12:46:23","date_gmt":"2022-10-20T17:46:23","guid":{"rendered":"https:\/\/www.rhinoboots.work\/web\/?post_type=product&#038;p=3687"},"modified":"2026-03-26T13:10:22","modified_gmt":"2026-03-26T18:10:22","slug":"estilo-2344","status":"publish","type":"product","link":"https:\/\/www.rhinoboots.work\/web\/producto\/estilo-2344\/","title":{"rendered":"Estilo 2344"},"content":{"rendered":"<p>Calzado de seguridad. Con puntera de protecci\u00f3n, Protecci\u00f3n del\u00e9ctrica, suela antideslizante, Color negro. Con aplicaciones de TPU.<\/p>\n","protected":false},"excerpt":{"rendered":"<ul>\n<li>100% Piel, color negro<\/li>\n<li>Resistencia al impacto<\/li>\n<li>Antideslizante<\/li>\n<li>Diel\u00e9ctrico<\/li>\n<li>Inyecci\u00f3n directa al corte<\/li>\n<li>Resistente a hidrocarburos<\/li>\n<li>Puntera de Poliamida<\/li>\n<\/ul>\n<div class=\"banner-button\"><a class=\"shop-button\" href=\"https:\/\/www.rhinoboots.work\/web\/wp-content\/uploads\/2022\/10\/ESTILO-2344.pdf\" target=\"_blank\" rel=\"noopener noreferrer\">Ver Ficha T\u00e9cnica<\/a><\/div>\n","protected":false},"featured_media":4842,"comment_status":"open","ping_status":"closed","template":"","meta":[],"product_brand":[],"product_cat":[64,61,60,59,65,53,63,62,55,67],"product_tag":[69,70,71,79,77,75,101,74],"class_list":{"0":"post-3687","1":"product","2":"type-product","3":"status-publish","4":"has-post-thumbnail","6":"product_cat-100-piel","7":"product_cat-anti-deslizante","8":"product_cat-anti-impactos","9":"product_cat-dielectrico","10":"product_cat-inyeccion-directa-al-corte","11":"product_cat-para-hombres","12":"product_cat-plantilla-de-poliuretano","13":"product_cat-resiste-a-hidrocarburos","14":"product_cat-rude","15":"product_cat-suela-de-poliuretano","16":"product_tag-100-piel","17":"product_tag-anti-deslizante","18":"product_tag-anti-impactos","19":"product_tag-dielectrico","20":"product_tag-para-hombres","21":"product_tag-plantilla-de-poliuretano","22":"product_tag-resistente-a-hidrocarburos","23":"product_tag-suela-de-poliuretano","25":"first","26":"instock","27":"taxable","28":"shipping-taxable","29":"purchasable","30":"product-type-variable"},"_links":{"self":[{"href":"https:\/\/www.rhinoboots.work\/web\/wp-json\/wp\/v2\/product\/3687","targetHints":{"allow":["GET"]}}],"collection":[{"href":"https:\/\/www.rhinoboots.work\/web\/wp-json\/wp\/v2\/product"}],"about":[{"href":"https:\/\/www.rhinoboots.work\/web\/wp-json\/wp\/v2\/types\/product"}],"replies":[{"embeddable":true,"href":"https:\/\/www.rhinoboots.work\/web\/wp-json\/wp\/v2\/comments?post=3687"}],"wp:featuredmedia":[{"embeddable":true,"href":"https:\/\/www.rhinoboots.work\/web\/wp-json\/wp\/v2\/media\/4842"}],"wp:attachment":[{"href":"https:\/\/www.rhinoboots.work\/web\/wp-json\/wp\/v2\/media?parent=3687"}],"wp:term":[{"taxonomy":"product_brand","embeddable":true,"href":"https:\/\/www.rhinoboots.work\/web\/wp-json\/wp\/v2\/product_brand?post=3687"},{"taxonomy":"product_cat","embeddable":true,"href":"https:\/\/www.rhinoboots.work\/web\/wp-json\/wp\/v2\/product_cat?post=3687"},{"taxonomy":"product_tag","embeddable":true,"href":"https:\/\/www.rhinoboots.work\/web\/wp-json\/wp\/v2\/product_tag?post=3687"}],"curies":[{"name":"wp","href":"https:\/\/api.w.org\/{rel}","templated":true}]}}