{"id":32,"date":"2017-11-24T02:27:40","date_gmt":"2017-11-24T02:27:40","guid":{"rendered":"http:\/\/localhost\/framework\/?page_id=32"},"modified":"2023-09-18T11:48:59","modified_gmt":"2023-09-18T16:48:59","slug":"contact","status":"publish","type":"page","link":"https:\/\/www.rhinoboots.work\/web\/contact\/","title":{"rendered":"Contacto"},"content":{"rendered":"<p>[vc_row el_class=&#8221;contact-top mb100&#8243;][vc_column el_class=&#8221;contact-box-left&#8221; offset=&#8221;vc_col-md-6 vc_col-xs-12&#8243;]<div class=\"content-editor contact-info-box  \">\r\n\t\t\t\t\t    \t\t\t\t        <div class=\"content-info \">\r\n\t\t\t\t\t\t\t<ul class=\"list-none silver\">\n<li class=\"desc\">Si usted tiene dudas o cualquier tipo de consulta sobre nuestros productos, servicios o cualquier otra cuesti\u00f3n relacionada al funcionamiento de nuestro sitio web, estaremos felices de brindarle la informaci\u00f3n necesaria. S\u00f3lo basta con que usted se ponga en contactos con nosotros a trav\u00e9s de cualquiera de los medios listados abajo&#8230;<\/li>\n<li><a href=\"tel:+52 436 108 8095\">(+52) <\/a><a href=\"http:\/\/(+52) 436 116 6213\"> 436 116 6213<\/a><\/li>\n<li><i class=\"la la-envelope color\"><\/i><a href=\"mailto:admin@rhinoboots.work\">admin@rhinoboots.work<\/a><\/li>\n<\/ul>\n\t\t\t\t\t\t<\/div>\r\n\t\t\t\t\t\t\t            \r\n<\/div>\r\n\r\n[vc_gmaps link=&#8221;#E-8_JTNDaWZyYW1lJTIwc3JjJTNEJTIyaHR0cHMlM0ElMkYlMkZ3d3cuZ29vZ2xlLmNvbSUyRm1hcHMlMkZlbWJlZCUzRnBiJTNEJTIxMW0xOCUyMTFtMTIlMjExbTMlMjExZDM3NTEuNDcwMjAwNDAyMTYxNSUyMTJkLTEwMi4wMDEyMDY4ODUwODU4NiUyMTNkMTkuOTA0NTgxMDg2NjE4MDYlMjEybTMlMjExZjAlMjEyZjAlMjEzZjAlMjEzbTIlMjExaTEwMjQlMjEyaTc2OCUyMTRmMTMuMSUyMTNtMyUyMTFtMiUyMTFzMHg4NDJkZDRiZWI1MTIyMzYxJTI1M0EweGE3NTU3ZGNkZjQ1YjMwZmUlMjEyc1JoaW5vYm9vdHMlMjUyMFMuQS4lMjUyMGRlJTI1MjBDLlYuJTIxNWUwJTIxM20yJTIxMXNlcyUyMTJzbXglMjE0djE2MTkwMjQ2NTA0MzElMjE1bTIlMjExc2VzJTIxMnNteCUyMiUyMHdpZHRoJTNEJTIyNjAwJTIyJTIwaGVpZ2h0JTNEJTIyNDUwJTIyJTIwc3R5bGUlM0QlMjJib3JkZXIlM0EwJTNCJTIyJTIwYWxsb3dmdWxsc2NyZWVuJTNEJTIyJTIyJTIwbG9hZGluZyUzRCUyMmxhenklMjIlM0UlM0MlMkZpZnJhbWUlM0U=&#8221; size=&#8221;&#8221; title=&#8221;Encu\u00e9ntranos&#8221;][\/vc_column][vc_column el_class=&#8221;contact-box-right&#8221; offset=&#8221;vc_col-md-6 vc_col-xs-12&#8243;]\n<div class=\"wpcf7 no-js\" id=\"wpcf7-f26-o1\" lang=\"en-US\" dir=\"ltr\" data-wpcf7-id=\"26\">\n<div class=\"screen-reader-response\"><p role=\"status\" aria-live=\"polite\" aria-atomic=\"true\"><\/p> <ul><\/ul><\/div>\n<form action=\"\/web\/wp-json\/wp\/v2\/pages\/32#wpcf7-f26-o1\" method=\"post\" class=\"wpcf7-form init\" aria-label=\"Contact form\" novalidate=\"novalidate\" data-status=\"init\">\n<fieldset class=\"hidden-fields-container\"><input type=\"hidden\" name=\"_wpcf7\" value=\"26\" \/><input type=\"hidden\" name=\"_wpcf7_version\" value=\"6.1.5\" \/><input type=\"hidden\" name=\"_wpcf7_locale\" value=\"en_US\" \/><input type=\"hidden\" name=\"_wpcf7_unit_tag\" value=\"wpcf7-f26-o1\" \/><input type=\"hidden\" name=\"_wpcf7_container_post\" value=\"0\" \/><input type=\"hidden\" name=\"_wpcf7_posted_data_hash\" value=\"\" \/><input type=\"hidden\" name=\"_wpcf7_recaptcha_response\" value=\"\" \/>\n<\/fieldset>\n<p><label> Nombre (Requerido)<br \/>\n<span class=\"wpcf7-form-control-wrap\" data-name=\"your-name\"><input size=\"40\" maxlength=\"400\" class=\"wpcf7-form-control wpcf7-text wpcf7-validates-as-required\" aria-required=\"true\" aria-invalid=\"false\" value=\"\" type=\"text\" name=\"your-name\" \/><\/span> <\/label>\n<\/p>\n<p><label> Correo Electr\u00f3nico (Requerido)<br \/>\n<span class=\"wpcf7-form-control-wrap\" data-name=\"your-email\"><input size=\"40\" maxlength=\"400\" class=\"wpcf7-form-control wpcf7-email wpcf7-validates-as-required wpcf7-text wpcf7-validates-as-email\" aria-required=\"true\" aria-invalid=\"false\" value=\"\" type=\"email\" name=\"your-email\" \/><\/span> <\/label>\n<\/p>\n<p><label> T\u00edtulo<br \/>\n<span class=\"wpcf7-form-control-wrap\" data-name=\"your-subject\"><input size=\"40\" maxlength=\"400\" class=\"wpcf7-form-control wpcf7-text\" aria-invalid=\"false\" value=\"\" type=\"text\" name=\"your-subject\" \/><\/span> <\/label>\n<\/p>\n<p><label> Tu mensaje<br \/>\n<span class=\"wpcf7-form-control-wrap\" data-name=\"your-message\"><textarea cols=\"40\" rows=\"10\" maxlength=\"2000\" class=\"wpcf7-form-control wpcf7-textarea\" aria-invalid=\"false\" name=\"your-message\"><\/textarea><\/span> <\/label>\n<\/p>\n<p><input class=\"wpcf7-form-control wpcf7-submit has-spinner\" type=\"submit\" value=\"Enviar\" \/>\n<\/p><div class=\"wpcf7-response-output\" aria-hidden=\"true\"><\/div>\n<\/form>\n<\/div>\n[\/vc_column][\/vc_row][vc_row full_width=&#8221;stretch_row&#8221; content_placement=&#8221;middle&#8221; el_class=&#8221;social-contact-wrap&#8221;][vc_column]<div class=\"social-list social-contact text-center default\">\r\n\t<h3 class=\"title20 text-uppercase font-bold\">S\u00edganos a trav\u00e9s de las redes sociales<\/h3>\t<\/div>[\/vc_column][\/vc_row]<\/p>\n","protected":false},"excerpt":{"rendered":"<p>[vc_row el_class=&#8221;contact-top mb100&#8243;][vc_column el_class=&#8221;contact-box-left&#8221; offset=&#8221;vc_col-md-6 vc_col-xs-12&#8243;][vc_gmaps link=&#8221;#E-8_JTNDaWZyYW1lJTIwc3JjJTNEJTIyaHR0cHMlM0ElMkYlMkZ3d3cuZ29vZ2xlLmNvbSUyRm1hcHMlMkZlbWJlZCUzRnBiJTNEJTIxMW0xOCUyMTFtMTIlMjExbTMlMjExZDM3NTEuNDcwMjAwNDAyMTYxNSUyMTJkLTEwMi4wMDEyMDY4ODUwODU4NiUyMTNkMTkuOTA0NTgxMDg2NjE4MDYlMjEybTMlMjExZjAlMjEyZjAlMjEzZjAlMjEzbTIlMjExaTEwMjQlMjEyaTc2OCUyMTRmMTMuMSUyMTNtMyUyMTFtMiUyMTFzMHg4NDJkZDRiZWI1MTIyMzYxJTI1M0EweGE3NTU3ZGNkZjQ1YjMwZmUlMjEyc1JoaW5vYm9vdHMlMjUyMFMuQS4lMjUyMGRlJTI1MjBDLlYuJTIxNWUwJTIxM20yJTIxMXNlcyUyMTJzbXglMjE0djE2MTkwMjQ2NTA0MzElMjE1bTIlMjExc2VzJTIxMnNteCUyMiUyMHdpZHRoJTNEJTIyNjAwJTIyJTIwaGVpZ2h0JTNEJTIyNDUwJTIyJTIwc3R5bGUlM0QlMjJib3JkZXIlM0EwJTNCJTIyJTIwYWxsb3dmdWxsc2NyZWVuJTNEJTIyJTIyJTIwbG9hZGluZyUzRCUyMmxhenklMjIlM0UlM0MlMkZpZnJhbWUlM0U=&#8221; size=&#8221;&#8221; title=&#8221;Encu\u00e9ntranos&#8221;][\/vc_column][vc_column el_class=&#8221;contact-box-right&#8221; offset=&#8221;vc_col-md-6 vc_col-xs-12&#8243;][\/vc_column][\/vc_row][vc_row full_width=&#8221;stretch_row&#8221; content_placement=&#8221;middle&#8221; el_class=&#8221;social-contact-wrap&#8221;][vc_column][\/vc_column][\/vc_row]<\/p>\n","protected":false},"author":1,"featured_media":0,"parent":0,"menu_order":0,"comment_status":"closed","ping_status":"closed","template":"","meta":{"footnotes":""},"class_list":["post-32","page","type-page","status-publish","hentry"],"_links":{"self":[{"href":"https:\/\/www.rhinoboots.work\/web\/wp-json\/wp\/v2\/pages\/32","targetHints":{"allow":["GET"]}}],"collection":[{"href":"https:\/\/www.rhinoboots.work\/web\/wp-json\/wp\/v2\/pages"}],"about":[{"href":"https:\/\/www.rhinoboots.work\/web\/wp-json\/wp\/v2\/types\/page"}],"author":[{"embeddable":true,"href":"https:\/\/www.rhinoboots.work\/web\/wp-json\/wp\/v2\/users\/1"}],"replies":[{"embeddable":true,"href":"https:\/\/www.rhinoboots.work\/web\/wp-json\/wp\/v2\/comments?post=32"}],"version-history":[{"count":10,"href":"https:\/\/www.rhinoboots.work\/web\/wp-json\/wp\/v2\/pages\/32\/revisions"}],"predecessor-version":[{"id":4602,"href":"https:\/\/www.rhinoboots.work\/web\/wp-json\/wp\/v2\/pages\/32\/revisions\/4602"}],"wp:attachment":[{"href":"https:\/\/www.rhinoboots.work\/web\/wp-json\/wp\/v2\/media?parent=32"}],"curies":[{"name":"wp","href":"https:\/\/api.w.org\/{rel}","templated":true}]}}