{"id":2362,"date":"2019-05-07T07:44:01","date_gmt":"2019-05-07T07:44:01","guid":{"rendered":"http:\/\/mmasport.7uptheme.net\/?page_id=3"},"modified":"2021-04-20T11:05:05","modified_gmt":"2021-04-20T11:05:05","slug":"privacy-policy","status":"publish","type":"page","link":"https:\/\/www.rhinoboots.work\/web\/privacy-policy\/","title":{"rendered":"Politica de privacidad"},"content":{"rendered":"\n<h1 class=\"wp-block-heading\">Politica de privacidad de datos, uso de cookies y anti-spam<\/h1>\n\n\n\n<p>Estos t\u00e9rminos y condiciones de privacidad de datos, uso de cookies y spam establecen los lineamientos y pr\u00e1cticas de protecci\u00f3n de datos personales, uso de cookies y spam del sitio web de la Corporaci\u00f3n Andina de Fomento (&#8220;CAF&#8221;, o &#8220;nosotros&#8221;) generalmente indicadas por la URL &#8220;www.rhinoboots.work&#8221; y sus dominios de nivel inferior (el &#8220;sitio web&#8221; o la \u00a8p\u00e1gina web\u201d).<\/p>\n\n\n\n<p>RHINOBOOTS es un es un sitio de ventas de calzado de seguridad industrial al menudeo y de forma online. Para obtener m\u00e1s informaci\u00f3n sobre RHINOBOOTS el sitio web y sus operaciones puede referirse a los apartados de \u201c<a href=\"https:\/\/www.rhinoboots.work\/web\/about\/\">Nosotros<\/a>\u201d,  o \u201c<a href=\"https:\/\/www.rhinoboots.work\/web\/contact\/\">Contacto<\/a>\u201d para apoyo a sus consultas.<\/p>\n\n\n\n<p>Lea atentamente estos t\u00e9rminos y condiciones, ya que le ayudar\u00e1n a tomar decisiones informadas sobre c\u00f3mo compartir su informaci\u00f3n personal con nosotros. Aunque estos t\u00e9rminos y condiciones se aplican solo a la informaci\u00f3n recopilada a trav\u00e9s del sitio web, son coherentes con nuestras pol\u00edticas y pr\u00e1cticas con respecto a la informaci\u00f3n personal que recibimos.<\/p>\n\n\n\n<p><br><strong>1. \u00bfCu\u00e1l es la informaci\u00f3n que recopilamos?<\/strong><\/p>\n\n\n\n<ul class=\"wp-block-list\"><li>Informaci\u00f3n de Identificaci\u00f3n Personal (\u00a8IIP\u00a8) que recibamos, entre otros, mediante los formularios de contacto, suscripci\u00f3n, registro u otros que est\u00e9n en la p\u00e1gina web.&nbsp;<br><br>La IIP incluye informaci\u00f3n de identificaci\u00f3n, informaci\u00f3n de contacto e informaci\u00f3n t\u00e9cnico, entre otros datos:<\/li><\/ul>\n\n\n\n<ul class=\"wp-block-list\"><li>Nombres y apellidos&nbsp;<\/li><\/ul>\n\n\n\n<ul class=\"wp-block-list\"><li>Correo electr\u00f3nico&nbsp;<\/li><\/ul>\n\n\n\n<ul class=\"wp-block-list\"><li>Cuenta de redes sociales&nbsp;<\/li><\/ul>\n\n\n\n<ul class=\"wp-block-list\"><li>N\u00fameros de tel\u00e9fono&nbsp;<\/li><\/ul>\n\n\n\n<ul class=\"wp-block-list\"><li>Documento de identidad<\/li><\/ul>\n\n\n\n<ul class=\"wp-block-list\"><li>Ciudad y pa\u00eds de residencia<\/li><\/ul>\n\n\n\n<ul class=\"wp-block-list\"><li>Organizaci\u00f3n a la que pertenece<\/li><\/ul>\n\n\n\n<ul class=\"wp-block-list\"><li>Cargo en la organizaci\u00f3n<\/li><\/ul>\n\n\n\n<ul class=\"wp-block-list\"><li>Sector al que pertenece (p\u00fablico, privado o civil)<\/li><\/ul>\n\n\n\n<ul class=\"wp-block-list\"><li>Datos an\u00f3nimos relacionados con el comportamiento del usuario durante la visita a la p\u00e1gina web, sea a trav\u00e9s de cookies, p\u00edxeles o tecnolog\u00edas similares. Entre otros, podr\u00edamos recompilar el tiempo de la visita y los contenidos visitados.<\/li><li>Datos an\u00f3nimos relacionados con las herramientas de acceso y su interacci\u00f3n con la p\u00e1gina web, tales como direcci\u00f3n IP, caracter\u00edsticas del navegador y dispositivo, preferencias de idioma o URL de referencia y otra informaci\u00f3n t\u00e9cnica.<\/li><\/ul>\n\n\n\n<p><strong>2. \u00bfC\u00f3mo usamos esta informaci\u00f3n?<\/strong><\/p>\n\n\n\n<p>Los datos descritos en el punto anterior se utilizan con objetivos de difusi\u00f3n de nuestras actividades, proyectos y convocatorias, as\u00ed como para mantener y cumplir las obligaciones contractuales, legales y de transparencia que exijan alg\u00fan tipo de comunicaci\u00f3n. Parte de los datos se utilizan como referencia para optimizar la pertinencia de los contenidos y para garantizar la integridad, confidencialidad y disponibilidad de la informaci\u00f3n.<\/p>\n\n\n\n<ul class=\"wp-block-list\"><li>La IIP se emplea para contactar a los usuarios en respuesta a las solicitudes que hayan hecho a RHINOBOOTS.<\/li><li>La IIP sirve para mantener la relaci\u00f3n con las partes interesadas de RHINOBOOTS (por ejemplo, proveedores, clientes o aliados) con el fin de dar curso a las actividades y obligaciones que se lleven en conjunto.<\/li><li>La IIP y los datos an\u00f3nimos se emplean para identificar si los contenidos son pertinentes y relevantes de acuerdo con sus intereses, as\u00ed como para identificar mejoras en nuestros canales de comunicaci\u00f3n en t\u00e9rminos de experiencia del usuario y dise\u00f1o.<\/li><li>Los datos relacionados con las herramientas de acceso se emplean tanto para identificar mejoras en el desempe\u00f1o de nuestra web, como para garantizar el funcionamiento de nuestro sitio, su seguridad y la de su informaci\u00f3n.\u00a0<\/li><li>Las comunicaciones que empleamos con estos datos son principalmente mediante, pero no limitado a, correos electr\u00f3nicos, mensajes de correo postal, llamadas telef\u00f3nicas y difusi\u00f3n de anuncios en plataformas digitales.<\/li><\/ul>\n\n\n\n<p><strong>3. \u00bfSu informaci\u00f3n ser\u00e1 compartida con alguien?<\/strong><\/p>\n\n\n\n<p>\u00a0RHINOBOOTS no vender\u00e1, distribuir\u00e1 ni arrendar\u00e1 esta informaci\u00f3n a terceros, excepto de acuerdo con estos t\u00e9rminos y condiciones. Para la gesti\u00f3n de la informaci\u00f3n recopilada, RHINOBOOTS cuenta con servicios y proveedores cuyas pol\u00edticas de privacidad incluyen cl\u00e1usulas que no permiten compartir los datos de RHINOBOOTS con terceros a menos que RHINOBOOTS lo solicite o lo indique una norma aplicable.<\/p>\n\n\n\n<p>Se podr\u00e1n generar y compartir reportes o res\u00famenes a partir de los datos recopilados, entre otros, las p\u00e1ginas m\u00e1s visitadas o el n\u00famero de registrados a un evento. Al ser res\u00famenes, estos reportes no pueden utilizarse para rastrear a una persona en particular.<\/p>\n\n\n\n<p>Podemos divulgar informaci\u00f3n de identificaci\u00f3n personal u otra informaci\u00f3n recopilada a trav\u00e9s del sitio web en respuesta a un proceso legal o cuando creamos que una norma aplicable lo exige, por ejemplo, en respuesta a una orden judicial, citaci\u00f3n o solicitud de una agencia de aplicaci\u00f3n de una norma aplicable.<\/p>\n\n\n\n<p>Tambi\u00e9n podemos divulgar la informaci\u00f3n para proteger la seguridad y el funcionamiento del sitio web o los derechos de otros usuarios del sitio web, y para protegernos y proteger a nuestros miembros, afiliados, consultores, y proveedores, si tenemos motivos para creer que alguien est\u00e1 causando o amenazando causar da\u00f1o o interferencia con los derechos o la propiedad de RHINOBOOTS, as\u00ed como tambi\u00e9n para proteger contra el fraude.<\/p>\n\n\n\n<p>RHINOBOOTS podr\u00e1 compartir la IIP de un usuario con un tercero, si ese usuario lo solicita expresamente. En caso de que RHINOBOOTS no tenga los medios para compartir esa informaci\u00f3n a un tercero, el usuario podr\u00e1 solicitar sus datos y RHINOBOOTS se la entregar\u00e1 en un formato est\u00e1ndar que permita su uso y consulta.<\/p>\n\n\n\n<p><br><strong>4. \u00bfutilizamos cookies y otras tecnolog\u00edas de seguimiento?<\/strong><\/p>\n\n\n\n<p>Las cookies son peque\u00f1os archivos de datos que se env\u00edan a su navegador o software relacionado desde un servidor web y se almacenan en su computadora o dispositivo. Las cookies a menudo incluyen un identificador \u00fanico an\u00f3nimo y rastrean y almacenan sus preferencias de usuarios mientras usan el sitio web, as\u00ed como informaci\u00f3n t\u00e9cnica sobre su uso del sitio web.<\/p>\n\n\n\n<p>Como se mencion\u00f3 en el apartado 1 arriba, el sitio web y sus sub sitios recopilan registros an\u00f3nimos durante las visitas de los usuarios. Esto se puede hacer a trav\u00e9s de cookies o tecnolog\u00edas similares para retener informaci\u00f3n sobre usted y su uso del sitio web.<\/p>\n\n\n\n<p>Otra tecnolog\u00eda que utilizamos son los pixeles, que son fragmentos de c\u00f3digo en nuestros canales y nos permiten recopilar informaci\u00f3n an\u00f3nima sobre el desempe\u00f1o de anuncios en l\u00ednea y del correo masivo, as\u00ed como para encauzar mensajes de difusi\u00f3n en otras plataformas como las redes sociales o los buscadores.<\/p>\n\n\n\n<p><br><strong>5. \u00bfcu\u00e1ndo conservamos su informaci\u00f3n?<\/strong><\/p>\n\n\n\n<p>Retenemos IIP e informaci\u00f3n an\u00f3nima recopilada a trav\u00e9s del sitio web para fines operativos, de registro y legales. Retendremos IIP sobre usted durante el per\u00edodo necesario para cumplir con los fines descritos en estos t\u00e9rminos y condiciones o nuestras pol\u00edticas de retenci\u00f3n de datos, a menos que una norma aplicable exija un per\u00edodo de retenci\u00f3n m\u00e1s largo.<\/p>\n\n\n\n<p><strong>6. \u00bfc\u00f3mo mantenemos su informaci\u00f3n segura?<\/strong><\/p>\n\n\n\n<p>Protegemos la seguridad y la integridad de la IIP que recopilamos mediante la implementaci\u00f3n de procedimientos f\u00edsicos, electr\u00f3nicos y administrativos para salvaguardar y proteger la informaci\u00f3n contra p\u00e9rdida, uso indebido, acceso no autorizado o divulgaci\u00f3n, alteraci\u00f3n o destrucci\u00f3n. Sin embargo, debido a la naturaleza inherente del internet como un veh\u00edculo de comunicaci\u00f3n global abierto, no podemos garantizar que cualquier informaci\u00f3n, ya sea durante la transmisi\u00f3n a trav\u00e9s de Internet, mientras est\u00e9 almacenada en nuestros sistemas de datos o mantenida por nosotros, est\u00e9 absolutamente a salvo de la intrusi\u00f3n otros, incluyendo de los piratas inform\u00e1ticos.<\/p>\n\n\n\n<p>Esto incluye la informaci\u00f3n que se nos proporciona por correo electr\u00f3nico, a trav\u00e9s de publicaciones directas en el sitio web o a trav\u00e9s de la funci\u00f3n &#8220;Contacto&#8221; del sitio web. Al proporcionar informaci\u00f3n a trav\u00e9s de estos canales, debe tener en cuenta que su transmisi\u00f3n puede no ser segura mientras est\u00e1 en tr\u00e1nsito y que un tercero posiblemente podr\u00eda ver la informaci\u00f3n en tr\u00e1nsito.<\/p>\n\n\n\n<p><strong>7. \u00bfqu\u00e9 pasa si no quiero compartir mi informaci\u00f3n?<\/strong><\/p>\n\n\n\n<p>El llenado de registros y formularios en nuestra p\u00e1gina es voluntario, y sin hacerlo, los usuarios pueden navegar en <a href=\"https:\/\/rhinoboots.work\/\">www.https:\/\/rhinoboots.work\/. Llenar los formularios es necesario para recibir boletines electr\u00f3nicos, y ciertas comunicaciones de <\/a>RHINOBOOTS relacionadas con eventos, convocatorias y otras actividades.\u00a0<\/p>\n\n\n\n<p>Al navegar en la p\u00e1gina de RHINOBOOTS, se recopilar\u00e1 la informaci\u00f3n an\u00f3nima descrita en el punto 1, arriba, que, al ser an\u00f3nima, no permite identificar usuarios espec\u00edficos.<\/p>\n\n\n\n<p>Si el usuario est\u00e1 registrado para una actividad o suscrito a un bolet\u00edn, podremos enviarle correos electr\u00f3nicos en relaci\u00f3n con sus preferencias de registro o suscripci\u00f3n. En cualquiera de esos mensajes, el usuario podr\u00e1 optar por retirarse de la lista y con ello se cancela su suscripci\u00f3n y la recopilaci\u00f3n de datos derivada de ella. Tambi\u00e9n puede enviarnos una solicitud de &#8220;exclusi\u00f3n voluntaria&#8221; al correo\u00a0<a href=\"mailto:privacidad@caf.com\">admin@rhinoboots.work<\/a><\/p>\n\n\n\n<p><strong>8. GDPR<\/strong><\/p>\n\n\n\n<p>El Reglamento general de protecci\u00f3n de datos y otras leyes de protecci\u00f3n de datos aplicables otorgan ciertos derechos a los interesados. En t\u00e9rminos generales, usted tiene, o puede tener, el derecho (como se establece con m\u00e1s detalle en las leyes de protecci\u00f3n de datos aplicables) a:<\/p>\n\n\n\n<ul class=\"wp-block-list\"><li>solicitar detalles de la informaci\u00f3n que tenemos sobre usted y c\u00f3mo la procesamos<\/li><li>eliminar su informaci\u00f3n personal o rectificarla, si es inexacta o si ha sido eliminado<\/li><li>restringir nuestro procesamiento de su informaci\u00f3n personal&nbsp;<\/li><li>retirar un consentimiento proporcionado previamente para el procesamiento de su informaci\u00f3n personal<\/li><li>detener las transferencias no autorizadas de su informaci\u00f3n personal a un tercero<\/li><li>que su informaci\u00f3n personal sea transferida a un tercero<\/li><li>quejarse de nuestro procesamiento de su informaci\u00f3n personal a una autoridad de supervisi\u00f3n local<\/li><\/ul>\n\n\n\n<p><br>Es importante tener en cuenta que estos derechos pueden no ser absolutos. Por ejemplo, si retira su consentimiento para procesar su informaci\u00f3n personal, podremos continuar procesando su informaci\u00f3n personal en la medida requerida o permitida por la ley, en particular en relaci\u00f3n con el ejercicio y la defensa de nuestros derechos legales o nuestras obligaciones legales y\/ o regulatorias.<\/p>\n\n\n\n<p><strong>9. \u00bfhacemos actualizaciones de estos t\u00e9rminos y condiciones?<br><\/strong>Como el sitio web se actualiza peri\u00f3dicamente, nuestros t\u00e9rminos y condiciones pueden cambiar en cualquier momento. Por lo tanto, revise los t\u00e9rminos y condiciones de privacidad publicados de tiempo en tiempo. En los casos que amerite, le notificaremos acerca de cambios sustanciales en la forma en que tratamos la informaci\u00f3n personal mediante la publicaci\u00f3n de un aviso en el sitio web o envi\u00e1ndole un correo electr\u00f3nico (si nos ha proporcionado su direcci\u00f3n de correo electr\u00f3nico y el permiso para utilizarlo).<\/p>\n\n\n\n<p><strong>10. \u00bfcumple caf con la ley CAN-SPAM?<\/strong><\/p>\n\n\n\n<p>La ley CAN-SPAM cubre todos los mensajes comerciales, que definidos como \u201ccualquier mensaje de correo electr\u00f3nico cuyo prop\u00f3sito principal es el anuncio comercial o promoci\u00f3n de un producto o servicio\u201d.<\/p>\n\n\n\n<p>Para el env\u00edo de correos electr\u00f3nicos RHINOBOOTS no utiliza informaci\u00f3n de encabezado o asuntos falsos o enga\u00f1osos. La informaci\u00f3n enviada corresponde a las labores de negocio estrictamente y no ofrece promociones de productos o servicios o anuncios comerciales.<\/p>\n\n\n\n<p><strong>11. \u00bfc\u00f3mo puede comunicarse con nosotros sobre estos t\u00e9rminos y condiciones?<\/strong><\/p>\n\n\n\n<p>Si tiene preguntas o comentarios sobre estos t\u00e9rminos y condiciones, puede contactarnos a\u00a0<a href=\"admin@rhinoboots.work\">admin@rhinoboots.work<\/a>, que estaremos felices de responderle.<\/p>\n","protected":false},"excerpt":{"rendered":"<p>Politica de privacidad de datos, uso de cookies y anti-spam Estos t\u00e9rminos y condiciones de privacidad de datos, uso de cookies y spam establecen los lineamientos y pr\u00e1cticas de protecci\u00f3n de datos personales, uso de cookies y spam del sitio web de la Corporaci\u00f3n Andina de Fomento (&#8220;CAF&#8221;, o &#8220;nosotros&#8221;) generalmente indicadas por la URL [&hellip;]<\/p>\n","protected":false},"author":1,"featured_media":0,"parent":0,"menu_order":0,"comment_status":"closed","ping_status":"closed","template":"","meta":{"footnotes":""},"class_list":["post-2362","page","type-page","status-publish","hentry"],"_links":{"self":[{"href":"https:\/\/www.rhinoboots.work\/web\/wp-json\/wp\/v2\/pages\/2362","targetHints":{"allow":["GET"]}}],"collection":[{"href":"https:\/\/www.rhinoboots.work\/web\/wp-json\/wp\/v2\/pages"}],"about":[{"href":"https:\/\/www.rhinoboots.work\/web\/wp-json\/wp\/v2\/types\/page"}],"author":[{"embeddable":true,"href":"https:\/\/www.rhinoboots.work\/web\/wp-json\/wp\/v2\/users\/1"}],"replies":[{"embeddable":true,"href":"https:\/\/www.rhinoboots.work\/web\/wp-json\/wp\/v2\/comments?post=2362"}],"version-history":[{"count":3,"href":"https:\/\/www.rhinoboots.work\/web\/wp-json\/wp\/v2\/pages\/2362\/revisions"}],"predecessor-version":[{"id":2937,"href":"https:\/\/www.rhinoboots.work\/web\/wp-json\/wp\/v2\/pages\/2362\/revisions\/2937"}],"wp:attachment":[{"href":"https:\/\/www.rhinoboots.work\/web\/wp-json\/wp\/v2\/media?parent=2362"}],"curies":[{"name":"wp","href":"https:\/\/api.w.org\/{rel}","templated":true}]}}