{"id":2336,"date":"2019-02-14T09:38:04","date_gmt":"2019-02-14T09:38:04","guid":{"rendered":"https:\/\/mmasport.7uptheme.net\/?page_id=3"},"modified":"2021-04-22T11:17:49","modified_gmt":"2021-04-22T11:17:49","slug":"privacy-policy-2","status":"publish","type":"page","link":"https:\/\/www.rhinoboots.work\/web\/privacy-policy-2\/","title":{"rendered":"Pol\u00edtica de ventas"},"content":{"rendered":"\n<h1><strong>T\u00e9rminos y Condiciones<\/strong><\/h1>\n\n\n\n<p>Las presentes condiciones de uso de la p\u00e1gina web, regulan los t\u00e9rminos de acceso y uso de: <a href=\"https:\/\/www.rhinoboots.work\">https:\/\/www.workboots.work<\/a> propiedad de <strong>Rhinoboots S.A. de C.V.<\/strong> &nbsp;y correo electr\u00f3nico <strong>admin@rhinoboots.work<\/strong> en adelante, \u201cla Empresa\u201d, que el usuario del portal deber\u00e1 aceptar para usar todos los servicios e informaci\u00f3n que se facilitan desde el portal.<\/p>\n\n\n\n<p>El usuario as\u00ed como la Empresa, propietaria del portal, podr\u00e1n ser denominados conjuntamente como las partes. El mero acceso o utilizaci\u00f3n del portal, de todos o parte de sus contenidos y servicios significa la plena aceptaci\u00f3n de las presentes condiciones de uso. La puesta a disposici\u00f3n y el uso del portal se entiende sometida al estricto cumplimiento de los t\u00e9rminos recogidos en las presentes condiciones de uso del portal.<\/p>\n\n\n\n<p><strong>Contenido del portal<\/strong><\/p>\n\n\n\n<p><em>Informaci\u00f3n y servicios<\/em><\/p>\n\n\n\n<p>Los usuarios pueden acceder a trav\u00e9s del portal a diferente tipo de informaci\u00f3n y servicios. El portal se reserva la facultad de modificar, en cualquier momento, y sin aviso previo, la presentaci\u00f3n y configuraci\u00f3n de la informaci\u00f3n y servicios ofrecidos desde el portal. El usuario reconoce y acepta expresamente que en cualquier momento el portal pueda interrumpir, desactivar y\/o cancelar cualquier informaci\u00f3n o servicio. El portal realizar\u00e1 sus mejores esfuerzos para intentar garantizar la disponibilidad y accesibilidad a la web. No obstante, en ocasiones, por razones de mantenimiento, actualizaci\u00f3n, cambio de ubicaci\u00f3n, etc., podr\u00e1 suponer la interrupci\u00f3n del acceso al portal.<\/p>\n\n\n\n<p><em>Responsabilidad del Portal sobre los contenidos<\/em><\/p>\n\n\n\n<p>A). La aplicaci\u00f3n no interviene en la creaci\u00f3n de aquellos contenidos y\/o servicios prestados o suministrados por terceras partes en y\/o a trav\u00e9s de la aplicaci\u00f3n, del mismo modo que tampoco controla su licitud. En cualquier caso, no ofrece ninguna clase de garant\u00eda sobre los mismos. El usuario reconoce que la aplicaci\u00f3n no es ni ser\u00e1 responsable de los contenidos y\/o servicios prestados o suministrados por terceras partes en y\/o a trav\u00e9s de la aplicaci\u00f3n. El usuario acepta que la aplicaci\u00f3n no asumir\u00e1 responsabilidad alguna por cualquier da\u00f1o o perjuicio producido como consecuencia de la utilizaci\u00f3n de esta informaci\u00f3n o servicios de terceros.<\/p>\n\n\n\n<p>Exceptuando los casos que la Ley imponga expresamente lo contrario, y exclusivamente con la medida y extensi\u00f3n en que lo imponga, la aplicaci\u00f3n no garantiza ni asume responsabilidad alguna respecto a los posibles da\u00f1os y perjuicios causados por el uso y utilizaci\u00f3n de la informaci\u00f3n, datos y servicios de la aplicaci\u00f3n.<\/p>\n\n\n\n<p>En todo caso, la aplicaci\u00f3n excluye cualquier responsabilidad por los da\u00f1os y perjuicios que puedan deberse a la informaci\u00f3n y\/o servicios prestados o suministrados por terceros diferentes de la Empresa. Toda responsabilidad ser\u00e1 del tercero ya sea proveedor, colaborador u otro.<\/p>\n\n\n\n<p>B). La aplicaci\u00f3n controlar\u00e1 la licitud de aquellos contenidos o servicios prestados a trav\u00e9s de la plataforma por terceras partes. En caso de que el usuario como consecuencia de la utilizaci\u00f3n de la aplicaci\u00f3n sufra alg\u00fan da\u00f1o o perjuicio podr\u00e1 comunicarlo y se tomar\u00e1n las medidas que se estimen oportunas para solventarlo.<\/p>\n\n\n\n<p><strong>Obligaciones del Usuario<\/strong><\/p>\n\n\n\n<p>El usuario deber\u00e1 respetar en todo momento los t\u00e9rminos y condiciones establecidos en el presente aviso legal. De forma expresa, el usuario manifiesta que utilizar\u00e1 el portal de forma diligente y asumiendo cualquier responsabilidad que pudiera derivarse del incumplimiento de las normas.<\/p>\n\n\n\n<p>El usuario se obliga, en aquellos casos que se le soliciten datos o informaci\u00f3n, a no falsear su identidad haci\u00e9ndose pasar por cualquier otra persona. El usuario acepta que la utilizaci\u00f3n del Portal ser\u00e1 efectuada con fines estrictamente personales, privados y particulares. El usuario no podr\u00e1 utilizar el portal para actividades contrarias a la Ley, la moral y el orden p\u00fablico as\u00ed como para finalidades prohibidas o que vulneren o lesionen derechos de terceros. Asimismo, queda prohibida la difusi\u00f3n, almacenamiento y\/o gesti\u00f3n de datos o contenidos que infrinjan derechos de terceros o cualesquiera normativas reguladoras de derechos de propiedad intelectual o industrial.<\/p>\n\n\n\n<p>As\u00ed mismo, el usuario no podr\u00e1 utilizar el portal para transmitir, almacenar, divulgar promover o distribuir datos o contenidos que sean portadores de virus o cualquier otro c\u00f3digo inform\u00e1tico, archivos o programas dise\u00f1ados para interrumpir, destruir o perjudicar el funcionamiento de cualquier programa o equipo inform\u00e1tico o de telecomunicaciones.<\/p>\n\n\n\n<p>El usuario se obliga a indemnizar y a mantener indemnes al portal por cualquier da\u00f1o, perjuicio, sanci\u00f3n, multa, pena o indemnizaci\u00f3n que tenga que hacer frente el portal.<\/p>\n\n\n\n<p>El usuario no puede utilizar la marca de <strong>Rhinoboots.work<\/strong> o su logotipo de ninguna forma que implique patrocinio o respaldo de <strong>Rhinoboots.work o Rhinoboots S.A. de C.V.<\/strong>, a menos que se le haya autorizado espec\u00edficamente dicho uso en estas Directrices.<\/p>\n\n\n\n<p>El usuario no puede utilizar la Marca de <strong>Rhinoboots.work<\/strong> para menospreciar a <strong>Rhinoboots.work o Rhinoboots S.A. de C.V.<\/strong>, sus productos o servicios, ni de forma que, a nuestra entera discreci\u00f3n, pueda afectar o da\u00f1ar de cualquier otra forma a <strong>Rhinoboots.work o Rhinoboots S.A. de C.V.<\/strong> o el cr\u00e9dito mercantil existente en la Marca de <strong>Rhinoboots.work o Rhinoboots S.A. de C.V.<\/strong><\/p>\n\n\n\n<p>El usuario &nbsp;acepta que todos los derechos sobre la Marca <strong>Rhinoboots.work<\/strong> son propiedad exclusiva de <strong>Rhinoboots S.A. de C.V.<\/strong>, y que todo el cr\u00e9dito mercantil generado del uso de la misma redundar\u00e1 \u00fanicamente en beneficio de <strong>Rhinoboots S.A. de C.V.<\/strong> Por lo que no emprender\u00e1 acciones que entren en conflicto con los derechos o la propiedad de <strong>Rhinoboots S.A. de C.V.<\/strong> sobre la Marca de <strong>Rhinoboots.work<\/strong><\/p>\n\n\n\n<p><strong>Rhinoboots S.A. de C.V se reserva el derecho, que puede ejercer a su entera discreci\u00f3n, de modificar estas Directrices o la Marca de Rhinoboots.work autorizada en cualquier momento y de tomar las medidas necesarias en caso de un uso no autorizado o no conforme a estas Directrices.<\/strong><\/p>\n\n\n\n<p><strong>Cumplimiento LOPD<\/strong><\/p>\n\n\n\n<p>El portal adopta para el tratamiento de los datos todas las medidas t\u00e9cnicas y organizativas de seguridad que sean de obligaci\u00f3n, de conformidad con lo establecido por la legislaci\u00f3n vigente.<\/p>\n\n\n\n<p>El usuario manifiesta de forma expresa que cualquier dato personal o de un tercero al que acceda, introduzca, modifique o suprima tiene derecho a hacerlo o dispone de la autorizaci\u00f3n expresa de este tercero. El portal informa al usuario que podr\u00e1 ejercer los derechos de acceso, rectificaci\u00f3n, oposici\u00f3n y cancelaci\u00f3n dirigi\u00e9ndose a la siguiente direcci\u00f3n: <a href=\"https:\/\/www.rhinoboots.work\/web\/privacy-policy-2\/\" data-type=\"URL\" data-id=\"https:\/\/www.rhinoboots.work\/web\/privacy-policy-2\/\">https:\/\/www.rhinoboots.work\/web\/contact<\/a> Hac\u00ededonos saber su intenci\u00f3n al respecto mediante un mensaje a los deferentes medios enlistados.<\/p>\n\n\n\n<p><strong>Condiciones de la compraventa.<\/strong><\/p>\n\n\n\n<p>Con respecto a la compra La empresa se compromete a proporcionar informaci\u00f3n sobre el env\u00edo del producto (gu\u00eda o n\u00famero de rastreo) &nbsp;durante las 24 horas posteriores a la acreditaci\u00f3n de su pago. Por el medio y con los datos que nos halla proporcionado al realizar su compra.<\/p>\n\n\n\n<p><strong>Pol\u00edtica de devoluciones<\/strong><\/p>\n\n\n\n<p>Los clientes disponen de un plazo de desistimiento de 3 d\u00edas naturales desde la fecha de recepci\u00f3n dentro de los cuales se podr\u00e1 revocar la compra y la empresa le realizar\u00e1 el cambio f\u00edsico del producto. Tras la recepci\u00f3n de la devoluci\u00f3n, la empresa se compromete al reenv\u00edo del producto de reemplazo por la compra adquirida.<\/p>\n\n\n\n<p>Para realizar de forma efectiva el derecho de desistimiento ser\u00e1 necesario:<\/p>\n\n\n\n<ol class=\"wp-block-list\"><li>Enviar un correo electr\u00f3nico durante el lapso descrito arriba con la descripci\u00f3n de la inconformidad con respecto al producto en espec\u00edfico. (Diferencia de talla, recepci\u00f3n de un producto diferente al comprado, etc\u2026)<\/li><li>Enviar documentaci\u00f3n o pruebas que lo acrediten como el comprador, as\u00ed como medios de contacto (tel\u00e9fono o correo electr\u00f3nico) para que el departamento de atenci\u00f3n al cliente se ponga en contacto y le notifiquen que su reclamo procede.<\/li><li>En caso de que su reclamo preceda, se le indicar\u00e1 al cliente la forma de hacernos llegar el producto en cuesti\u00f3n de forma gratuita y una vez recibido el mismo se le notificar\u00e1 la recepci\u00f3n y se realizar\u00e1 el env\u00edo del producto de reemplazo.<\/li><\/ol>\n\n\n\n<p><strong>Garant\u00eda<\/strong><\/p>\n\n\n\n<p>En caso de producto defectuoso, la empresa proceder\u00e1 seg\u00fan corresponda a la reparaci\u00f3n, sustituci\u00f3n, rebaja del precio o resoluci\u00f3n de la compra, gestiones que ser\u00e1n gratuitas para el consumidor. La empresa responde de las faltas de conformidad que se manifiesten dentro de un plazo de 72 horas desde la entrega.<\/p>\n\n\n\n<p>Las condiciones de la garant\u00eda son las siguientes:<\/p>\n\n\n\n<p>Los productos vendidos a trav\u00e9s de nuestro portal est\u00e1n garantizados totalmente contra defectos de fabricaci\u00f3n, por lo que al comprar en nuestra tienda Rhinoboots.work el cliente queda totalmente protegido por nuestra garant\u00eda.<\/p>\n\n\n\n<p>Para hacer v\u00e1lida su garant\u00eda el cliente deber\u00e1:<\/p>\n\n\n\n<p>1).- Cerciorarse que el uso que se le ha dado al producto est\u00e1 dentro de la norma oficial de certificaci\u00f3n para el calzado en cuesti\u00f3n, misma que se puede verificar aqu\u00ed: http:\/\/www.dof.gob.mx\/normasOficiales\/3924\/stps1\/stps1.htm Una vez verificado este paso y habiendo descartado que el problema no se haya dado por el uso fuera de la norma continuar con el paso 2.<\/p>\n\n\n\n<p>2).- Enviar un correo a admin@rhinoboots.work que incluya la siguiente informaci\u00f3n: a) Nombre del cliente, b) Medios de contacto (tel\u00e9fono y correo) para notificarle acerca del resultado de su garant\u00eda, c) Documentaci\u00f3n que lo acredite o confirme la identidad, lo que lo acreditar\u00e1 como el cliente comprador, y e) pruebas o evidencia fotogr\u00e1fica del defecto en el producto en cuesti\u00f3n.<\/p>\n\n\n\n<p>Una vez realizados los pasos anteriores la empresa se compromete a notificar el resultado al cliente por los medios previstos por \u00e9l y en el caso de que la garant\u00eda sea procedente se le explicar\u00e1 la forma en la que la misma se har\u00e1 v\u00e1lida y c\u00f3mo puede hacernos llegar el producto de forma totalmente gratuita para \u00e9l y al mismo tiempo la forma en la que se proceder\u00e1. (Cada caso tiene una resoluci\u00f3n en especial y La Empresa se reserva el derecho de proceder de acuerdo a nuestras pol\u00edticas internas de garant\u00eda y calidad.)<\/p>\n\n\n\n<p><strong>Sobre el pago.<\/strong><\/p>\n\n\n\n<p>El cliente declara que tiene plena capacidad para realizar la compra, siendo mayor de edad y estando en posesi\u00f3n de una tarjeta de cr\u00e9dito o d\u00e9bito v\u00e1lida y emitida por un banco que resulte aceptable para la empresa. El Cliente garantiza y se responsabiliza de que todos los datos facilitados sobre su tarjeta sean v\u00e1lidos.<\/p>\n","protected":false},"excerpt":{"rendered":"<p>T\u00e9rminos y Condiciones Las presentes condiciones de uso de la p\u00e1gina web, regulan los t\u00e9rminos de acceso y uso de: https:\/\/www.workboots.work propiedad de Rhinoboots S.A. de C.V. &nbsp;y correo electr\u00f3nico admin@rhinoboots.work en adelante, \u201cla Empresa\u201d, que el usuario del portal deber\u00e1 aceptar para usar todos los servicios e informaci\u00f3n que se facilitan desde el portal. [&hellip;]<\/p>\n","protected":false},"author":1,"featured_media":0,"parent":0,"menu_order":0,"comment_status":"closed","ping_status":"open","template":"","meta":{"footnotes":""},"class_list":["post-2336","page","type-page","status-publish","hentry"],"_links":{"self":[{"href":"https:\/\/www.rhinoboots.work\/web\/wp-json\/wp\/v2\/pages\/2336","targetHints":{"allow":["GET"]}}],"collection":[{"href":"https:\/\/www.rhinoboots.work\/web\/wp-json\/wp\/v2\/pages"}],"about":[{"href":"https:\/\/www.rhinoboots.work\/web\/wp-json\/wp\/v2\/types\/page"}],"author":[{"embeddable":true,"href":"https:\/\/www.rhinoboots.work\/web\/wp-json\/wp\/v2\/users\/1"}],"replies":[{"embeddable":true,"href":"https:\/\/www.rhinoboots.work\/web\/wp-json\/wp\/v2\/comments?post=2336"}],"version-history":[{"count":3,"href":"https:\/\/www.rhinoboots.work\/web\/wp-json\/wp\/v2\/pages\/2336\/revisions"}],"predecessor-version":[{"id":2957,"href":"https:\/\/www.rhinoboots.work\/web\/wp-json\/wp\/v2\/pages\/2336\/revisions\/2957"}],"wp:attachment":[{"href":"https:\/\/www.rhinoboots.work\/web\/wp-json\/wp\/v2\/media?parent=2336"}],"curies":[{"name":"wp","href":"https:\/\/api.w.org\/{rel}","templated":true}]}}