{"id":23,"date":"2021-01-20T00:33:16","date_gmt":"2021-01-20T00:33:16","guid":{"rendered":"https:\/\/www.rhinoboots.work\/web\/my-account\/"},"modified":"2021-07-19T15:11:56","modified_gmt":"2021-07-19T15:11:56","slug":"my-account","status":"publish","type":"page","link":"https:\/\/www.rhinoboots.work\/web\/my-account\/","title":{"rendered":"Mi cuenta"},"content":{"rendered":"\n<p class=\"has-text-align-center\">Ingresa a tu cuenta para poder revisar el estado de tus \u00f3rdenes env\u00edos y dem\u00e1s servicios.<\/p>\n\n\n<div class=\"woocommerce\"><\/div>\n","protected":false},"excerpt":{"rendered":"<p>Ingresa a tu cuenta para poder revisar el estado de tus \u00f3rdenes env\u00edos y dem\u00e1s servicios.<\/p>\n","protected":false},"author":1,"featured_media":0,"parent":0,"menu_order":0,"comment_status":"closed","ping_status":"closed","template":"","meta":{"footnotes":""},"class_list":["post-23","page","type-page","status-publish","hentry"],"_links":{"self":[{"href":"https:\/\/www.rhinoboots.work\/web\/wp-json\/wp\/v2\/pages\/23","targetHints":{"allow":["GET"]}}],"collection":[{"href":"https:\/\/www.rhinoboots.work\/web\/wp-json\/wp\/v2\/pages"}],"about":[{"href":"https:\/\/www.rhinoboots.work\/web\/wp-json\/wp\/v2\/types\/page"}],"author":[{"embeddable":true,"href":"https:\/\/www.rhinoboots.work\/web\/wp-json\/wp\/v2\/users\/1"}],"replies":[{"embeddable":true,"href":"https:\/\/www.rhinoboots.work\/web\/wp-json\/wp\/v2\/comments?post=23"}],"version-history":[{"count":2,"href":"https:\/\/www.rhinoboots.work\/web\/wp-json\/wp\/v2\/pages\/23\/revisions"}],"predecessor-version":[{"id":2960,"href":"https:\/\/www.rhinoboots.work\/web\/wp-json\/wp\/v2\/pages\/23\/revisions\/2960"}],"wp:attachment":[{"href":"https:\/\/www.rhinoboots.work\/web\/wp-json\/wp\/v2\/media?parent=23"}],"curies":[{"name":"wp","href":"https:\/\/api.w.org\/{rel}","templated":true}]}}